{"id":489,"date":"2022-10-27T19:04:23","date_gmt":"2022-10-27T19:04:23","guid":{"rendered":"https:\/\/events.rodlauer.co.at\/registration-for-krakow-event\/"},"modified":"2022-11-15T16:35:22","modified_gmt":"2022-11-15T16:35:22","slug":"registration-for-krakow-event","status":"publish","type":"page","link":"https:\/\/events.rodlauer.co.at\/en\/registration-for-krakow-event\/","title":{"rendered":"Registration for Krak\u00f3w Event"},"content":{"rendered":"<p>[et_pb_section fb_built=&#8221;1&#8243; _builder_version=&#8221;4.18.0&#8243; _module_preset=&#8221;default&#8221; background_color=&#8221;RGBA(255,255,255,0)&#8221; vertical_offset=&#8221;0px&#8221; max_height_tablet=&#8221;&#8221; max_height_phone=&#8221;&#8221; max_height_last_edited=&#8221;on|desktop&#8221; custom_margin=&#8221;||0px||false|false&#8221; custom_padding=&#8221;0px||0px||false|false&#8221; global_colors_info=&#8221;{}&#8221;][et_pb_row _builder_version=&#8221;4.18.0&#8243; _module_preset=&#8221;default&#8221; custom_margin=&#8221;0px||||false|false&#8221; custom_padding=&#8221;0px||||false|false&#8221; global_colors_info=&#8221;{}&#8221;][et_pb_column type=&#8221;4_4&#8243; _builder_version=&#8221;4.18.0&#8243; _module_preset=&#8221;default&#8221; global_colors_info=&#8221;{}&#8221;][et_pb_text _builder_version=&#8221;4.18.0&#8243; _module_preset=&#8221;default&#8221; header_text_color=&#8221;#FFFFFF&#8221; header_2_font=&#8221;Barlow Semi Condensed||||||||&#8221; custom_margin=&#8221;||0px||false|false&#8221; global_colors_info=&#8221;{}&#8221;]<\/p>\n<h2 class=\"p1\">Event at 28.11.2022, Cisco Network Operations Center Krak\u00f3w<\/h2>\n<p>[\/et_pb_text][et_pb_text _builder_version=&#8221;4.18.0&#8243; _module_preset=&#8221;default&#8221; background_color=&#8221;#FFFFFF&#8221; height=&#8221;2px&#8221; custom_margin=&#8221;0px||||false|false&#8221; custom_padding=&#8221;0px||||false|false&#8221; global_colors_info=&#8221;{}&#8221;][\/et_pb_text][\/et_pb_column][\/et_pb_row][et_pb_row _builder_version=&#8221;4.18.0&#8243; _module_preset=&#8221;default&#8221; custom_padding=&#8221;||0px||false|false&#8221; global_colors_info=&#8221;{}&#8221;][et_pb_column type=&#8221;4_4&#8243; _builder_version=&#8221;4.18.0&#8243; _module_preset=&#8221;default&#8221; global_colors_info=&#8221;{}&#8221;][et_pb_text _builder_version=&#8221;4.18.0&#8243; _module_preset=&#8221;default&#8221; header_2_font=&#8221;Barlow Semi Condensed|300||on|||||&#8221; header_2_font_size=&#8221;30px&#8221; header_3_font=&#8221;Barlow Semi Condensed|300|||||||&#8221; header_3_font_size=&#8221;24px&#8221; header_4_font=&#8221;Barlow Semi Condensed|300|||||||&#8221; header_4_line_height=&#8221;1.2em&#8221; background_enable_image=&#8221;off&#8221; custom_margin=&#8221;||0px|0px|false|false&#8221; custom_padding=&#8221;||0px||false|false&#8221; background_last_edited=&#8221;on|phone&#8221; global_colors_info=&#8221;{}&#8221;]<\/p>\n<h2 class=\"p1\"><span class=\"s1\">Registration for Security with<span class=\"Apple-converted-space\"> Talos<\/span><\/span><\/h2>\n<h3 class=\"p1\">Take a look under the hood with US and experience how Cisco <br \/>offers an Incident Response Retainer <strong>(IRR)<\/strong> and how Cisco Security Solutions <br \/>can work for your company.<\/h3>\n<p><span class=\"s3\"><\/span><\/p>\n<h4 class=\"p1\"><\/h4>\n<p>[\/et_pb_text][et_pb_code _builder_version=&#8221;4.18.0&#8243; _module_preset=&#8221;default&#8221; background_enable_image=&#8221;off&#8221; custom_margin=&#8221;|||0px|false|false&#8221; custom_margin_tablet=&#8221;|||0px|false|false&#8221; custom_margin_phone=&#8221;|||0px|false|false&#8221; custom_margin_last_edited=&#8221;on|desktop&#8221; custom_padding=&#8221;20px||20px|0px|false|false&#8221; hover_enabled=&#8221;0&#8243; background_last_edited=&#8221;on|tablet&#8221; background_image_tablet=&#8221;http:\/\/events.rodlauer.co.at\/wp-content\/uploads\/2022\/10\/Dark_iPHone-13-Pro-Max-HG-Talos_10-22.jpg&#8221; background_image_phone=&#8221;http:\/\/events.rodlauer.co.at\/wp-content\/uploads\/2022\/10\/Dark_iPHone-13-Pro-Max-HG-Talos_10-22.jpg&#8221; background_enable_image_tablet=&#8221;on&#8221; background_enable_image_phone=&#8221;on&#8221; global_colors_info=&#8221;{}&#8221; sticky_enabled=&#8221;0&#8243;]<div class=\"everest-forms\"><div class=\"evf-container default\" id=\"evf-496\"><form id=\"evf-form-496\" class=\"everest-form\" data-formid=\"496\" data-ajax_submission=\"0\" data-keyboard_friendly_form=\"0\" method=\"post\" enctype=\"multipart\/form-data\" action=\"\/en\/wp-json\/wp\/v2\/pages\/489\"><div class=\"evf-field-container\"><input type=\"hidden\" id=\"_wpnonce496\" name=\"_wpnonce496\" value=\"620b4d22d4\" \/><input type=\"hidden\" name=\"_wp_http_referer\" value=\"\/en\/wp-json\/wp\/v2\/pages\/489\" \/><div class=\"evf-frontend-row\" data-row=\"row_1\" conditional_rules=\"[]\"><div class=\"evf-frontend-grid evf-grid-2\" data-grid=\"grid_1\"><div id=\"evf-496-field_HQBt4K0QZs-5-container\" class=\"evf-field evf-field-first-name form-row shortinput\" data-field-id=\"HQBt4K0QZs-5\"><label class=\"evf-field-label\" for=\"evf-496-field_HQBt4K0QZs-5\"><span class=\"evf-label\">title<\/span> <\/label><input type=\"text\" id=\"evf-496-field_HQBt4K0QZs-5\" class=\"input-text\" name=\"everest_forms[form_fields][HQBt4K0QZs-5]\" conditional_id=\"HQBt4K0QZs-5\" ><\/div><div id=\"evf-496-field_2FznfesE4x-3-container\" class=\"evf-field evf-field-first-name form-row validate-required\" data-required-field-message=\"Please enter your first name\" data-field-id=\"2FznfesE4x-3\"><label class=\"evf-field-label\" for=\"evf-496-field_2FznfesE4x-3\"><span class=\"evf-label\">first name<\/span> <abbr class=\"required\" title=\"Required\">*<\/abbr><\/label><input type=\"text\" id=\"evf-496-field_2FznfesE4x-3\" class=\"input-text\" name=\"everest_forms[form_fields][2FznfesE4x-3]\" conditional_id=\"2FznfesE4x-3\" required><\/div><div id=\"evf-496-field_GdRCE7DOFa-4-container\" class=\"evf-field evf-field-last-name form-row validate-required\" data-required-field-message=\"Please enter your last name\" data-field-id=\"GdRCE7DOFa-4\"><label class=\"evf-field-label\" for=\"evf-496-field_GdRCE7DOFa-4\"><span class=\"evf-label\">last name<\/span> <abbr class=\"required\" title=\"Required\">*<\/abbr><\/label><input type=\"text\" id=\"evf-496-field_GdRCE7DOFa-4\" class=\"input-text\" name=\"everest_forms[form_fields][GdRCE7DOFa-4]\" conditional_id=\"GdRCE7DOFa-4\" required><\/div><div id=\"evf-496-field_HpcMLBETAX-6-container\" class=\"evf-field evf-field-text form-row validate-required\" data-required-field-message=\"Please enter your company name\" data-field-id=\"HpcMLBETAX-6\"><label class=\"evf-field-label\" for=\"evf-496-field_HpcMLBETAX-6\"><span class=\"evf-label\">company<\/span> <abbr class=\"required\" title=\"Required\">*<\/abbr><\/label><input type=\"text\" id=\"evf-496-field_HpcMLBETAX-6\" class=\"input-text\" name=\"everest_forms[form_fields][HpcMLBETAX-6]\" conditional_id=\"HpcMLBETAX-6\" required><\/div><div id=\"evf-496-field_D3ROXiHQxx-14-container\" class=\"evf-field evf-field-phone form-row validate-phone\" data-field-id=\"D3ROXiHQxx-14\"><label class=\"evf-field-label\" for=\"evf-496-field_D3ROXiHQxx-14\"><span class=\"evf-label\">mobile number<\/span> <\/label><input type=\"tel\" id=\"evf-496-field_D3ROXiHQxx-14\" class=\"input-text evf-smart-phone-field\" data-rule-smart-phone-field=\"true\" name=\"everest_forms[form_fields][D3ROXiHQxx-14]\" conditional_id=\"D3ROXiHQxx-14\" ><\/div><div id=\"evf-496-field_OBBGXRiw6Z-7-container\" class=\"evf-field evf-field-email form-row validate-required validate-email\" data-required-field-message=\"Please enter a valid email address\" data-field-id=\"OBBGXRiw6Z-7\"><label class=\"evf-field-label\" for=\"evf-496-field_OBBGXRiw6Z-7\"><span class=\"evf-label\">email<\/span> <abbr class=\"required\" title=\"Required\">*<\/abbr><\/label><div class=\"everest-forms-field-row everest-forms-field\"><div class=\"everest-forms-field-row-block everest-forms-one-half everest-forms-first\"><input type=\"email\" id=\"evf-496-field_OBBGXRiw6Z-7\" class=\"input-text everest-forms-field-email-primary\" name=\"everest_forms[form_fields][OBBGXRiw6Z-7][primary]\" conditional_id=\"OBBGXRiw6Z-7\" required><label for=\"evf-496-field_OBBGXRiw6Z-7\" class=\"everest-forms-field-sublabel after everest-forms-sublabel-hide\">Email<\/label><\/div><div class=\"everest-forms-field-row-block everest-forms-one-half\"><input type=\"email\" id=\"evf-496-field_OBBGXRiw6Z-7-secondary\" class=\"input-text everest-forms-field-email-secondary evf-field-required\" data-rule-confirm=\"#evf-496-field_OBBGXRiw6Z-7\" name=\"everest_forms[form_fields][OBBGXRiw6Z-7][secondary]\" placeholder=\"E-Mail Adresse best\u00e4tigen\" required><label for=\"evf-496-field_OBBGXRiw6Z-7-secondary\" class=\"everest-forms-field-sublabel after everest-forms-sublabel-hide\">Confirm Email<\/label><\/div><\/div><\/div><div id=\"evf-496-field_u1NYMqBr2W-9-container\" class=\"evf-field evf-field-title form-row\" data-field-id=\"u1NYMqBr2W-9\"><h3 id=\"evf-496-field_u1NYMqBr2W-9\" class=\"input-text\" name=\"everest_forms[form_fields][u1NYMqBr2W-9]\" conditional_id=\"u1NYMqBr2W-9\">Informations for your Goodie Pack<\/h3><div class=\"evf-field-description\">As a participant, you will receive a soft shell jacket from Mammut and optional a smart phone cover with the Talos logo. We therefore ask you for the following information:<\/div><\/div><div id=\"evf-496-field_8tPV6C8IFL-10-container\" class=\"evf-field evf-field-select form-row shortinput10\" data-field-id=\"8tPV6C8IFL-10\"><label class=\"evf-field-label\" for=\"evf-496-field_8tPV6C8IFL-10\"><span class=\"evf-label\">dress size<\/span> <\/label><select id=\"evf-496-field_8tPV6C8IFL-10\" class=\"input-text\" name=\"everest_forms[form_fields][8tPV6C8IFL-10]\" conditional_id=\"8tPV6C8IFL-10\" ><option value=\"S\" >S<\/option><option value=\"M\" >M<\/option><option value=\"L\" >L<\/option><option value=\"XL\" >XL<\/option><\/select><\/div><div id=\"evf-496-field_SGSYll7iu8-11-container\" class=\"evf-field evf-field-text form-row\" data-field-id=\"SGSYll7iu8-11\"><label class=\"evf-field-label\" for=\"evf-496-field_SGSYll7iu8-11\"><span class=\"evf-label\">smart phone model<\/span> <\/label><input type=\"text\" id=\"evf-496-field_SGSYll7iu8-11\" class=\"input-text\" name=\"everest_forms[form_fields][SGSYll7iu8-11]\" conditional_id=\"SGSYll7iu8-11\" ><\/div><div id=\"evf-496-field_0P61AlB3QC-15-container\" class=\"evf-field evf-field-title form-row\" data-field-id=\"0P61AlB3QC-15\"><h3 id=\"evf-496-field_0P61AlB3QC-15\" class=\"input-text\" name=\"everest_forms[form_fields][0P61AlB3QC-15]\" conditional_id=\"0P61AlB3QC-15\">Consent to photographs<\/h3><div class=\"evf-field-description\">Photographs will be taken during the event. With your registration you declare that you agree to be included. If you don't want to be recognized in the recordings, your face will be pixelated.<\/div><\/div><div id=\"evf-496-field_aCvWOoUHQl-18-container\" class=\"evf-field evf-field-checkbox form-row\" data-field-id=\"aCvWOoUHQl-18\"><ul id=\"evf-496-field_aCvWOoUHQl-18\"><li class=\"choice-1 depth-1\"><input type=\"checkbox\" id=\"evf-496-field_aCvWOoUHQl-18_1\" class=\"input-text\" name=\"everest_forms[form_fields][aCvWOoUHQl-18][]\" value=\"I would like to be blurred in the pictures\" conditional_id=\"aCvWOoUHQl-18\"  ><label class=\"everest-forms-field-label-inline\" for=\"evf-496-field_aCvWOoUHQl-18_1\">I would like to be blurred in the pictures<\/label><\/li><\/ul><\/div><\/div><div class=\"evf-frontend-grid evf-grid-2\" data-grid=\"grid_2\"><\/div><\/div><\/div><div class=\"evf-honeypot-container evf-field-hp\"><label for=\"evf-496-field-hp\" class=\"evf-field-label\">Message<\/label><input type=\"text\" name=\"everest_forms[hp]\" id=\"evf-496-field-hp\" class=\"input-text\"><\/div><div class=\"evf-submit-container \" ><input type=\"hidden\" name=\"everest_forms[id]\" value=\"496\"><input type=\"hidden\" name=\"everest_forms[author]\" value=\"1\"><button type='submit' name='everest_forms[submit]' class='everest-forms-submit-button button evf-submit ' id='evf-submit-496' value='evf-submit' data-process-text=\"Processing\u2026\" conditional_rules='&quot;&quot;' conditional_id='evf-submit-496'  id=\"evf-submit-496\" aria-live=\"assertive\">SUBMIT REGISTRATION<\/button><\/div><\/form><\/div><!-- .evf-container --><\/div> [\/et_pb_code][\/et_pb_column][\/et_pb_row][et_pb_row _builder_version=&#8221;4.18.0&#8243; _module_preset=&#8221;default&#8221; custom_margin=&#8221;0px||||false|false&#8221; custom_padding=&#8221;0px|||24px|false|false&#8221; global_colors_info=&#8221;{}&#8221;][et_pb_column type=&#8221;4_4&#8243; module_class=&#8221;button_inline&#8221; _builder_version=&#8221;4.18.0&#8243; _module_preset=&#8221;default&#8221; global_colors_info=&#8221;{}&#8221;][et_pb_text _builder_version=&#8221;4.18.0&#8243; _module_preset=&#8221;default&#8221; header_4_line_height=&#8221;1.4em&#8221; global_colors_info=&#8221;{}&#8221;]<\/p>\n<h4 class=\"p1\"><strong>Location:<\/strong> Powsta\u0144c\u00f3w Wielkopolskich 13c, 30-707 Krak\u00f3w, Polen<\/h4>\n<p>[\/et_pb_text][et_pb_button button_url=&#8221;@ET-DC@eyJkeW5hbWljIjp0cnVlLCJjb250ZW50IjoicG9zdF9saW5rX3VybF9wYWdlIiwic2V0dGluZ3MiOnsicG9zdF9pZCI6IjEzMCJ9fQ==@&#8221; button_text=&#8221;AGENDA&#8221; button_alignment=&#8221;left&#8221; _builder_version=&#8221;4.18.0&#8243; _dynamic_attributes=&#8221;button_url&#8221; _module_preset=&#8221;default&#8221; custom_button=&#8221;on&#8221; button_text_color=&#8221;#FFFFFF&#8221; button_border_radius=&#8221;0px&#8221; custom_margin=&#8221;||||false|false&#8221; global_colors_info=&#8221;{}&#8221;][\/et_pb_button][\/et_pb_column][\/et_pb_row][et_pb_row disabled_on=&#8221;on|on|off&#8221; admin_label=&#8221;Jacket&#8221; _builder_version=&#8221;4.18.0&#8243; _module_preset=&#8221;default&#8221; vertical_offset=&#8221;-1421px&#8221; horizontal_offset=&#8221;20%&#8221; z_index=&#8221;10&#8243; width=&#8221;30%&#8221; custom_padding=&#8221;0px||||false|false&#8221; locked=&#8221;off&#8221; global_colors_info=&#8221;{}&#8221;][et_pb_column type=&#8221;4_4&#8243; _builder_version=&#8221;4.18.0&#8243; _module_preset=&#8221;default&#8221; global_colors_info=&#8221;{}&#8221;][et_pb_image src=&#8221;https:\/\/events.rodlauer.co.at\/wp-content\/uploads\/2022\/11\/Talos_Intruder_Prevent.png&#8221; alt=&#8221;Talos Intruder Response&#8221; title_text=&#8221;Talos Intruder Response&#8221; align=&#8221;center&#8221; _builder_version=&#8221;4.18.0&#8243; _module_preset=&#8221;default&#8221; custom_margin=&#8221;||40px||false|false&#8221; global_colors_info=&#8221;{}&#8221;][\/et_pb_image][et_pb_image src=&#8221;https:\/\/events.rodlauer.co.at\/wp-content\/uploads\/2022\/11\/Montage-Goodie-Pack4.jpg&#8221; alt=&#8221;Mammut Softshell jacket and smart phone cover&#8221; title_text=&#8221;Mammut Softshell jacket and smart phone cover&#8221; align=&#8221;right&#8221; _builder_version=&#8221;4.18.0&#8243; _module_preset=&#8221;default&#8221; global_colors_info=&#8221;{}&#8221;][\/et_pb_image][et_pb_text _builder_version=&#8221;4.18.0&#8243; _module_preset=&#8221;default&#8221; header_4_font=&#8221;|300|||||||&#8221; global_colors_info=&#8221;{}&#8221;]<\/p>\n<h4 style=\"text-align: left;\"><span>The participants will receive a soft shell jacket from Mammut and optionally a smart phone back cover protective film with the Talos logo.<\/span><\/h4>\n<p>[\/et_pb_text][\/et_pb_column][\/et_pb_row][\/et_pb_section][et_pb_section fb_built=&#8221;1&#8243; disabled_on=&#8221;off|off|on&#8221; _builder_version=&#8221;4.18.0&#8243; _module_preset=&#8221;default&#8221; background_color=&#8221;#000000&#8243; global_colors_info=&#8221;{}&#8221;][et_pb_row disabled_on=&#8221;off|off|off&#8221; admin_label=&#8221;Jacket mobile&#8221; _builder_version=&#8221;4.18.0&#8243; _module_preset=&#8221;default&#8221; positioning=&#8221;none&#8221; vertical_offset=&#8221;-143px&#8221; z_index=&#8221;10&#8243; width_tablet=&#8221;&#8221; width_phone=&#8221;80%&#8221; width_last_edited=&#8221;on|phone&#8221; module_alignment=&#8221;center&#8221; custom_margin=&#8221;20px||24px||false|false&#8221; custom_padding=&#8221;0px||||false|false&#8221; locked=&#8221;off&#8221; global_colors_info=&#8221;{}&#8221;][et_pb_column type=&#8221;4_4&#8243; _builder_version=&#8221;4.18.0&#8243; _module_preset=&#8221;default&#8221; global_colors_info=&#8221;{}&#8221;][et_pb_image src=&#8221;https:\/\/events.rodlauer.co.at\/wp-content\/uploads\/2022\/11\/Montage-Goodie-Pack4.jpg&#8221; alt=&#8221;Mammut Softshell jacket and smart phone cover&#8221; title_text=&#8221;Mammut Softshell jacket and smart phone cover&#8221; align=&#8221;right&#8221; _builder_version=&#8221;4.18.0&#8243; _module_preset=&#8221;default&#8221; global_colors_info=&#8221;{}&#8221;][\/et_pb_image][et_pb_text _builder_version=&#8221;4.18.0&#8243; _module_preset=&#8221;default&#8221; header_4_font=&#8221;|300|||||||&#8221; width=&#8221;80%&#8221; module_alignment=&#8221;center&#8221; locked=&#8221;off&#8221; global_colors_info=&#8221;{}&#8221;]<\/p>\n<h4 style=\"text-align: center;\"><span>The participants will receive a soft shell jacket from Mammut and optionally a smart phone back cover protective film with the Talos logo.<\/span><\/h4>\n<p>[\/et_pb_text][\/et_pb_column][\/et_pb_row][\/et_pb_section]<\/p>\n","protected":false},"excerpt":{"rendered":"<p>Event at 28.11.2022, Cisco Network Operations Center Krak\u00f3wRegistration for Security with Talos Take a look under the hood with US and experience how Cisco offers an Incident Response Retainer (IRR) and how Cisco Security Solutions can work for your company. <div class=\"everest-forms\"><div class=\"evf-container default\" id=\"evf-496\"><form id=\"evf-form-496\" class=\"everest-form\" data-formid=\"496\" data-ajax_submission=\"0\" data-keyboard_friendly_form=\"0\" method=\"post\" enctype=\"multipart\/form-data\" action=\"\/en\/wp-json\/wp\/v2\/pages\/489\"><div class=\"evf-field-container\"><input type=\"hidden\" id=\"_wpnonce496\" name=\"_wpnonce496\" value=\"620b4d22d4\" \/><input type=\"hidden\" name=\"_wp_http_referer\" value=\"\/en\/wp-json\/wp\/v2\/pages\/489\" \/><div class=\"evf-frontend-row\" data-row=\"row_1\" conditional_rules=\"[]\"><div class=\"evf-frontend-grid evf-grid-2\" data-grid=\"grid_1\"><div id=\"evf-496-field_HQBt4K0QZs-5-container\" class=\"evf-field evf-field-first-name form-row shortinput\" data-field-id=\"HQBt4K0QZs-5\"><label class=\"evf-field-label\" for=\"evf-496-field_HQBt4K0QZs-5\"><span class=\"evf-label\">title<\/span> <\/label><input type=\"text\" id=\"evf-496-field_HQBt4K0QZs-5\" class=\"input-text\" name=\"everest_forms[form_fields][HQBt4K0QZs-5]\" conditional_id=\"HQBt4K0QZs-5\" ><\/div><div id=\"evf-496-field_2FznfesE4x-3-container\" class=\"evf-field evf-field-first-name form-row validate-required\" data-required-field-message=\"Please enter your first name\" data-field-id=\"2FznfesE4x-3\"><label class=\"evf-field-label\" for=\"evf-496-field_2FznfesE4x-3\"><span class=\"evf-label\">first name<\/span> <abbr class=\"required\" title=\"Required\">*<\/abbr><\/label><input type=\"text\" id=\"evf-496-field_2FznfesE4x-3\" class=\"input-text\" name=\"everest_forms[form_fields][2FznfesE4x-3]\" conditional_id=\"2FznfesE4x-3\" required><\/div><div id=\"evf-496-field_GdRCE7DOFa-4-container\" class=\"evf-field evf-field-last-name form-row validate-required\" data-required-field-message=\"Please enter your last name\" data-field-id=\"GdRCE7DOFa-4\"><label class=\"evf-field-label\" for=\"evf-496-field_GdRCE7DOFa-4\"><span class=\"evf-label\">last name<\/span> <abbr class=\"required\" title=\"Required\">*<\/abbr><\/label><input type=\"text\" id=\"evf-496-field_GdRCE7DOFa-4\" class=\"input-text\" name=\"everest_forms[form_fields][GdRCE7DOFa-4]\" conditional_id=\"GdRCE7DOFa-4\" required><\/div><div id=\"evf-496-field_HpcMLBETAX-6-container\" class=\"evf-field evf-field-text form-row validate-required\" data-required-field-message=\"Please enter your company name\" data-field-id=\"HpcMLBETAX-6\"><label class=\"evf-field-label\" for=\"evf-496-field_HpcMLBETAX-6\"><span class=\"evf-label\">company<\/span> <abbr class=\"required\" title=\"Required\">*<\/abbr><\/label><input type=\"text\" id=\"evf-496-field_HpcMLBETAX-6\" class=\"input-text\" name=\"everest_forms[form_fields][HpcMLBETAX-6]\" conditional_id=\"HpcMLBETAX-6\" required><\/div><div id=\"evf-496-field_D3ROXiHQxx-14-container\" class=\"evf-field evf-field-phone form-row validate-phone\" data-field-id=\"D3ROXiHQxx-14\"><label class=\"evf-field-label\" for=\"evf-496-field_D3ROXiHQxx-14\"><span class=\"evf-label\">mobile number<\/span> <\/label><input type=\"tel\" id=\"evf-496-field_D3ROXiHQxx-14\" class=\"input-text evf-smart-phone-field\" data-rule-smart-phone-field=\"true\" name=\"everest_forms[form_fields][D3ROXiHQxx-14]\" conditional_id=\"D3ROXiHQxx-14\" ><\/div><div id=\"evf-496-field_OBBGXRiw6Z-7-container\" class=\"evf-field evf-field-email form-row validate-required validate-email\" data-required-field-message=\"Please enter a valid email address\" data-field-id=\"OBBGXRiw6Z-7\"><label class=\"evf-field-label\" for=\"evf-496-field_OBBGXRiw6Z-7\"><span class=\"evf-label\">email<\/span> <abbr class=\"required\" title=\"Required\">*<\/abbr><\/label><div class=\"everest-forms-field-row everest-forms-field\"><div class=\"everest-forms-field-row-block everest-forms-one-half everest-forms-first\"><input type=\"email\" id=\"evf-496-field_OBBGXRiw6Z-7\" class=\"input-text everest-forms-field-email-primary\" name=\"everest_forms[form_fields][OBBGXRiw6Z-7][primary]\" conditional_id=\"OBBGXRiw6Z-7\" required><label for=\"evf-496-field_OBBGXRiw6Z-7\" class=\"everest-forms-field-sublabel after everest-forms-sublabel-hide\">Email<\/label><\/div><div class=\"everest-forms-field-row-block everest-forms-one-half\"><input type=\"email\" id=\"evf-496-field_OBBGXRiw6Z-7-secondary\" class=\"input-text everest-forms-field-email-secondary evf-field-required\" data-rule-confirm=\"#evf-496-field_OBBGXRiw6Z-7\" name=\"everest_forms[form_fields][OBBGXRiw6Z-7][secondary]\" placeholder=\"E-Mail Adresse best\u00e4tigen\" required><label for=\"evf-496-field_OBBGXRiw6Z-7-secondary\" class=\"everest-forms-field-sublabel after everest-forms-sublabel-hide\">Confirm Email<\/label><\/div><\/div><\/div><div id=\"evf-496-field_u1NYMqBr2W-9-container\" class=\"evf-field evf-field-title form-row\" data-field-id=\"u1NYMqBr2W-9\"><h3 id=\"evf-496-field_u1NYMqBr2W-9\" class=\"input-text\" name=\"everest_forms[form_fields][u1NYMqBr2W-9]\" conditional_id=\"u1NYMqBr2W-9\">Informations for your Goodie Pack<\/h3><div class=\"evf-field-description\">As a participant, you will receive a soft shell jacket from Mammut and optional a smart phone cover with the Talos logo. We therefore ask you for the following information:<\/div><\/div><div id=\"evf-496-field_8tPV6C8IFL-10-container\" class=\"evf-field evf-field-select form-row shortinput10\" data-field-id=\"8tPV6C8IFL-10\"><label class=\"evf-field-label\" for=\"evf-496-field_8tPV6C8IFL-10\"><span class=\"evf-label\">dress size<\/span> <\/label><select id=\"evf-496-field_8tPV6C8IFL-10\" class=\"input-text\" name=\"everest_forms[form_fields][8tPV6C8IFL-10]\" conditional_id=\"8tPV6C8IFL-10\" ><option value=\"S\" >S<\/option><option value=\"M\" >M<\/option><option value=\"L\" >L<\/option><option value=\"XL\" >XL<\/option><\/select><\/div><div id=\"evf-496-field_SGSYll7iu8-11-container\" class=\"evf-field evf-field-text form-row\" data-field-id=\"SGSYll7iu8-11\"><label class=\"evf-field-label\" for=\"evf-496-field_SGSYll7iu8-11\"><span class=\"evf-label\">smart phone model<\/span> <\/label><input type=\"text\" id=\"evf-496-field_SGSYll7iu8-11\" class=\"input-text\" name=\"everest_forms[form_fields][SGSYll7iu8-11]\" conditional_id=\"SGSYll7iu8-11\" ><\/div><div id=\"evf-496-field_0P61AlB3QC-15-container\" class=\"evf-field evf-field-title form-row\" data-field-id=\"0P61AlB3QC-15\"><h3 id=\"evf-496-field_0P61AlB3QC-15\" class=\"input-text\" name=\"everest_forms[form_fields][0P61AlB3QC-15]\" conditional_id=\"0P61AlB3QC-15\">Consent to photographs<\/h3><div class=\"evf-field-description\">Photographs will be taken during the event. With your registration you declare that you agree to be included. If you don't want to be recognized in the recordings, your face will be pixelated.<\/div><\/div><div id=\"evf-496-field_aCvWOoUHQl-18-container\" class=\"evf-field evf-field-checkbox form-row\" data-field-id=\"aCvWOoUHQl-18\"><ul id=\"evf-496-field_aCvWOoUHQl-18\"><li class=\"choice-1 depth-1\"><input type=\"checkbox\" id=\"evf-496-field_aCvWOoUHQl-18_1\" class=\"input-text\" name=\"everest_forms[form_fields][aCvWOoUHQl-18][]\" value=\"I would like to be blurred in the pictures\" conditional_id=\"aCvWOoUHQl-18\"  ><label class=\"everest-forms-field-label-inline\" for=\"evf-496-field_aCvWOoUHQl-18_1\">I would like to be blurred in the pictures<\/label><\/li><\/ul><\/div><\/div><div class=\"evf-frontend-grid evf-grid-2\" data-grid=\"grid_2\"><\/div><\/div><\/div><div class=\"evf-honeypot-container evf-field-hp\"><label for=\"evf-496-field-hp\" class=\"evf-field-label\">Website<\/label><input type=\"text\" name=\"everest_forms[hp]\" id=\"evf-496-field-hp\" class=\"input-text\"><\/div><div class=\"evf-submit-container \" ><input type=\"hidden\" name=\"everest_forms[id]\" value=\"496\"><input type=\"hidden\" name=\"everest_forms[author]\" value=\"1\"><button type='submit' name='everest_forms[submit]' class='everest-forms-submit-button button evf-submit ' id='evf-submit-496' value='evf-submit' data-process-text=\"Processing\u2026\" conditional_rules='&quot;&quot;' conditional_id='evf-submit-496'  id=\"evf-submit-496\" aria-live=\"assertive\">SUBMIT REGISTRATION<\/button><\/div><\/form><\/div><!-- .evf-container --><\/div> Location: Powsta\u0144c\u00f3w Wielkopolskich 13c, 30-707 Krak\u00f3w, PolenThe participants will receive a soft shell [&hellip;]<\/p>\n","protected":false},"author":1,"featured_media":0,"parent":0,"menu_order":0,"comment_status":"closed","ping_status":"closed","template":"","meta":{"_et_pb_use_builder":"on","_et_pb_old_content":"","_et_gb_content_width":"","footnotes":""},"class_list":["post-489","page","type-page","status-publish","hentry"],"_links":{"self":[{"href":"https:\/\/events.rodlauer.co.at\/en\/wp-json\/wp\/v2\/pages\/489","targetHints":{"allow":["GET"]}}],"collection":[{"href":"https:\/\/events.rodlauer.co.at\/en\/wp-json\/wp\/v2\/pages"}],"about":[{"href":"https:\/\/events.rodlauer.co.at\/en\/wp-json\/wp\/v2\/types\/page"}],"author":[{"embeddable":true,"href":"https:\/\/events.rodlauer.co.at\/en\/wp-json\/wp\/v2\/users\/1"}],"replies":[{"embeddable":true,"href":"https:\/\/events.rodlauer.co.at\/en\/wp-json\/wp\/v2\/comments?post=489"}],"version-history":[{"count":3,"href":"https:\/\/events.rodlauer.co.at\/en\/wp-json\/wp\/v2\/pages\/489\/revisions"}],"predecessor-version":[{"id":498,"href":"https:\/\/events.rodlauer.co.at\/en\/wp-json\/wp\/v2\/pages\/489\/revisions\/498"}],"wp:attachment":[{"href":"https:\/\/events.rodlauer.co.at\/en\/wp-json\/wp\/v2\/media?parent=489"}],"curies":[{"name":"wp","href":"https:\/\/api.w.org\/{rel}","templated":true}]}}