{"id":476,"date":"2022-10-27T14:24:47","date_gmt":"2022-10-27T14:24:47","guid":{"rendered":"https:\/\/events.rodlauer.co.at\/actual-event\/"},"modified":"2022-11-15T16:02:11","modified_gmt":"2022-11-15T16:02:11","slug":"actual-event","status":"publish","type":"page","link":"https:\/\/events.rodlauer.co.at\/en\/","title":{"rendered":"Actual Event"},"content":{"rendered":"<p>[et_pb_section fb_built=&#8221;1&#8243; _builder_version=&#8221;4.18.0&#8243; _module_preset=&#8221;default&#8221; background_color=&#8221;RGBA(255,255,255,0)&#8221; vertical_offset=&#8221;0px&#8221; min_height=&#8221;500px&#8221; custom_padding=&#8221;0px||||false|false&#8221; global_colors_info=&#8221;{}&#8221;][et_pb_row _builder_version=&#8221;4.18.0&#8243; _module_preset=&#8221;default&#8221; custom_margin=&#8221;0px||||false|false&#8221; custom_padding=&#8221;0px||||false|false&#8221; global_colors_info=&#8221;{}&#8221;][et_pb_column type=&#8221;4_4&#8243; _builder_version=&#8221;4.18.0&#8243; _module_preset=&#8221;default&#8221; global_colors_info=&#8221;{}&#8221;][et_pb_text _builder_version=&#8221;4.18.0&#8243; _module_preset=&#8221;default&#8221; header_text_color=&#8221;#FFFFFF&#8221; header_2_font=&#8221;Barlow Semi Condensed||||||||&#8221; custom_margin=&#8221;||0px||false|false&#8221; global_colors_info=&#8221;{}&#8221;]<\/p>\n<h2 class=\"p1\">NOVEMBER 2022<\/h2>\n<p>[\/et_pb_text][et_pb_text _builder_version=&#8221;4.18.0&#8243; _module_preset=&#8221;default&#8221; background_color=&#8221;#FFFFFF&#8221; height=&#8221;2px&#8221; custom_margin=&#8221;0px||||false|false&#8221; custom_padding=&#8221;0px||||false|false&#8221; global_colors_info=&#8221;{}&#8221;][\/et_pb_text][\/et_pb_column][\/et_pb_row][et_pb_row use_custom_gutter=&#8221;on&#8221; gutter_width=&#8221;1&#8243; _builder_version=&#8221;4.18.0&#8243; _module_preset=&#8221;default&#8221; custom_padding=&#8221;0px||||false|false&#8221; global_colors_info=&#8221;{}&#8221;][et_pb_column type=&#8221;4_4&#8243; module_class=&#8221;text_inline&#8221; admin_label=&#8221;date&#8221; _builder_version=&#8221;4.18.0&#8243; _module_preset=&#8221;default&#8221; global_colors_info=&#8221;{}&#8221;][et_pb_text _builder_version=&#8221;4.18.0&#8243; _module_preset=&#8221;default&#8221; header_text_align=&#8221;center&#8221; header_2_font=&#8221;Open Sans||||||||&#8221; header_2_text_align=&#8221;center&#8221; header_2_text_color=&#8221;#E02B20&#8243; header_2_font_size=&#8221;16px&#8221; header_3_font=&#8221;Open Sans||||||||&#8221; header_3_text_align=&#8221;center&#8221; header_3_text_color=&#8221;#000000&#8243; header_3_font_size=&#8221;40px&#8221; header_3_line_height=&#8221;0.8em&#8221; background_color=&#8221;#FFFFFF&#8221; width=&#8221;78px&#8221; width_tablet=&#8221;78px&#8221; width_phone=&#8221;84px&#8221; width_last_edited=&#8221;on|phone&#8221; custom_margin=&#8221;0px||||false|false&#8221; custom_padding=&#8221;12px||||false|false&#8221; border_radii=&#8221;on|12px|12px|12px|12px&#8221; global_colors_info=&#8221;{}&#8221;]<\/p>\n<h2>MO<\/h2>\n<h3>28<\/h3>\n<p>[\/et_pb_text][et_pb_text _builder_version=&#8221;4.18.0&#8243; _module_preset=&#8221;default&#8221; header_2_font_size=&#8221;28px&#8221; custom_margin=&#8221;0px||||false|false&#8221; custom_padding=&#8221;0px||||false|false&#8221; locked=&#8221;off&#8221; global_colors_info=&#8221;{}&#8221;]<\/p>\n<h2 class=\"p1\">NOVEMBER<\/h2>\n<p>[\/et_pb_text][et_pb_text _builder_version=&#8221;4.18.0&#8243; _module_preset=&#8221;default&#8221; header_line_height=&#8221;1.2em&#8221; header_2_font_size=&#8221;28px&#8221; header_2_line_height=&#8221;2em&#8221; custom_margin=&#8221;50px||||false|false&#8221; global_colors_info=&#8221;{}&#8221;]<\/p>\n<h2 class=\"p1\" style=\"text-align: center;\"><a href=\"http:\/\/events.rodlauer.co.at\/wp-content\/uploads\/2022\/11\/Rodlauer_Logo_1.svg\">   <img loading=\"lazy\" decoding=\"async\" src=\"http:\/\/events.rodlauer.co.at\/wp-content\/uploads\/2022\/11\/Rodlauer_Logo_1.svg\" width=\"135\" height=\"66\" alt=\"Rodlauer Logo\" class=\"wp-image-276 alignnone size-full\">   <\/a>RODLAUER MDR SERVICE<\/h2>\n<p>[\/et_pb_text][\/et_pb_column][\/et_pb_row][et_pb_row column_structure=&#8221;1_5,3_5,1_5&#8243; use_custom_gutter=&#8221;on&#8221; gutter_width=&#8221;1&#8243; admin_label=&#8221;Headline&#8221; _builder_version=&#8221;4.18.0&#8243; _module_preset=&#8221;default&#8221; width=&#8221;88%&#8221; custom_padding=&#8221;0px|0px|0px|0px|false|false&#8221; global_colors_info=&#8221;{}&#8221;][et_pb_column type=&#8221;1_5&#8243; _builder_version=&#8221;4.18.0&#8243; _module_preset=&#8221;default&#8221; global_colors_info=&#8221;{}&#8221;][et_pb_image src=&#8221;http:\/\/events.rodlauer.co.at\/wp-content\/uploads\/2022\/11\/Talos_Intruder_Prevent.png&#8221; alt=&#8221;Talos Intruder Response&#8221; title_text=&#8221;Talos Intruder Response&#8221; align=&#8221;center&#8221; _builder_version=&#8221;4.18.0&#8243; _module_preset=&#8221;default&#8221; global_colors_info=&#8221;{}&#8221;][\/et_pb_image][\/et_pb_column][et_pb_column type=&#8221;3_5&#8243; _builder_version=&#8221;4.18.0&#8243; _module_preset=&#8221;default&#8221; global_colors_info=&#8221;{}&#8221;][et_pb_text _builder_version=&#8221;4.18.0&#8243; _module_preset=&#8221;default&#8221; header_2_font=&#8221;Barlow Semi Condensed|300||on|||||&#8221; header_2_font_size=&#8221;30px&#8221; header_3_font=&#8221;Barlow Semi Condensed|300|||||||&#8221; header_3_font_size=&#8221;24px&#8221; header_4_font=&#8221;Barlow Semi Condensed|300|||||||&#8221; header_4_line_height=&#8221;1.2em&#8221; custom_margin=&#8221;80px|0px||0px|false|false&#8221; custom_padding=&#8221;0px|0px||0px|false|false&#8221; hover_enabled=&#8221;0&#8243; locked=&#8221;off&#8221; global_colors_info=&#8221;{}&#8221; sticky_enabled=&#8221;0&#8243;]<\/p>\n<h2 class=\"p1\"><span class=\"s1\">Security with <span class=\"Apple-converted-space\">Talos<\/span><\/span><\/h2>\n<h3 class=\"p1\"><span class=\"s3\">Take a look under the hood with us. Experience how Cisco provides Incident Response Retainers (IRR) and their security solutions work for your organization.<\/span><\/h3>\n<p><span class=\"s3\"><\/span><\/p>\n<p>[\/et_pb_text][\/et_pb_column][et_pb_column type=&#8221;1_5&#8243; _builder_version=&#8221;4.18.0&#8243; _module_preset=&#8221;default&#8221; global_colors_info=&#8221;{}&#8221;][\/et_pb_column][\/et_pb_row][et_pb_row column_structure=&#8221;1_2,1_2&#8243; _builder_version=&#8221;4.18.0&#8243; _module_preset=&#8221;default&#8221; custom_padding=&#8221;||41px|||&#8221; global_colors_info=&#8221;{}&#8221;][et_pb_column type=&#8221;1_2&#8243; _builder_version=&#8221;4.18.0&#8243; _module_preset=&#8221;default&#8221; global_colors_info=&#8221;{}&#8221;][et_pb_text _builder_version=&#8221;4.18.0&#8243; _module_preset=&#8221;default&#8221; header_2_font=&#8221;Barlow Semi Condensed|300||on|||||&#8221; header_2_font_size=&#8221;30px&#8221; header_3_font=&#8221;Barlow Semi Condensed|300|||||||&#8221; header_3_font_size=&#8221;24px&#8221; header_4_font=&#8221;Barlow Semi Condensed|300|||||||&#8221; header_4_font_size=&#8221;19px&#8221; header_4_line_height=&#8221;1.4em&#8221; hover_enabled=&#8221;0&#8243; global_colors_info=&#8221;{}&#8221; sticky_enabled=&#8221;0&#8243;]<\/p>\n<h4 class=\"p1\">Cisco grants 10 CEOs and security experts from Austria&#8217;s top companies an exclusive insight into Cisco&#8217;s SOC in Krak\u00f3w. Experience the cybersecurity experts from Cisco and Talos live at the development and application of an incident response system. Learn how you can react faster to attacks (time to detection) and what is the best way to protect your company from the attacks.<\/h4>\n<p class=\"p2\"><b><\/b><\/p>\n<h4 class=\"p1\">Participation is free of charge. The number of participants is limited.<br \/>The first come, first served principle applies to registration!<\/h4>\n<p>[\/et_pb_text][\/et_pb_column][et_pb_column type=&#8221;1_2&#8243; _builder_version=&#8221;4.18.0&#8243; _module_preset=&#8221;default&#8221; global_colors_info=&#8221;{}&#8221;][et_pb_image src=&#8221;http:\/\/events.rodlauer.co.at\/wp-content\/uploads\/2022\/10\/Talos_SOC.jpg&#8221; alt=&#8221;A look inside the Talos Security Operations Center&#8221; title_text=&#8221;A look inside the Talos Security Operations Center&#8221; _builder_version=&#8221;4.18.0&#8243; _module_preset=&#8221;default&#8221; global_colors_info=&#8221;{}&#8221;][\/et_pb_image][\/et_pb_column][\/et_pb_row][et_pb_row column_structure=&#8221;1_2,1_2&#8243; _builder_version=&#8221;4.18.0&#8243; _module_preset=&#8221;default&#8221; global_colors_info=&#8221;{}&#8221;][et_pb_column type=&#8221;1_2&#8243; module_class=&#8221;button_inline&#8221; _builder_version=&#8221;4.18.0&#8243; _module_preset=&#8221;default&#8221; global_colors_info=&#8221;{}&#8221;][et_pb_text _builder_version=&#8221;4.18.0&#8243; _module_preset=&#8221;default&#8221; header_4_line_height=&#8221;1.2em&#8221; custom_margin=&#8221;||0px||false|false&#8221; global_colors_info=&#8221;{}&#8221;]<\/p>\n<h4 class=\"p1\"><strong>Location:<\/strong> <br \/>Powsta\u0144c\u00f3w Wielkopolskich 13c, 30-707 Krak\u00f3w, Poland<\/h4>\n<p>[\/et_pb_text][et_pb_button button_url=&#8221;@ET-DC@eyJkeW5hbWljIjp0cnVlLCJjb250ZW50IjoicG9zdF9saW5rX3VybF9wYWdlIiwic2V0dGluZ3MiOnsicG9zdF9pZCI6IjEzMCJ9fQ==@&#8221; button_text=&#8221;AGENDA&#8221; button_alignment=&#8221;left&#8221; _builder_version=&#8221;4.18.0&#8243; _dynamic_attributes=&#8221;button_url&#8221; _module_preset=&#8221;default&#8221; custom_button=&#8221;on&#8221; button_text_color=&#8221;#FFFFFF&#8221; button_border_radius=&#8221;0px&#8221; custom_margin=&#8221;20px||||false|false&#8221; global_colors_info=&#8221;{}&#8221;][\/et_pb_button][et_pb_button button_url=&#8221;@ET-DC@eyJkeW5hbWljIjp0cnVlLCJjb250ZW50IjoicG9zdF9saW5rX3VybF9wYWdlIiwic2V0dGluZ3MiOnsicG9zdF9pZCI6IjEwMyJ9fQ==@&#8221; button_text=&#8221;REGISTRATION&#8221; _builder_version=&#8221;4.18.0&#8243; _dynamic_attributes=&#8221;button_url&#8221; _module_preset=&#8221;default&#8221; custom_button=&#8221;on&#8221; button_text_color=&#8221;#000000&#8243; button_bg_color=&#8221;#FFFFFF&#8221; button_border_width=&#8221;3px&#8221; button_border_radius=&#8221;0px&#8221; custom_margin=&#8221;||||false|false&#8221; global_colors_info=&#8221;{}&#8221;][\/et_pb_button][\/et_pb_column][et_pb_column type=&#8221;1_2&#8243; _builder_version=&#8221;4.18.0&#8243; _module_preset=&#8221;default&#8221; global_colors_info=&#8221;{}&#8221;][et_pb_image src=&#8221;http:\/\/events.rodlauer.co.at\/wp-content\/uploads\/2022\/10\/googel_maps.jpg&#8221; alt=&#8221;Google Maps Cisco Building Krakau&#8221; title_text=&#8221;Google Maps Cisco Building Krakau&#8221; url=&#8221;https:\/\/www.google.com\/maps\/place\/Cisco+bld.+C\/@50.0458976,19.9585808,15z\/data=!4m5!3m4!1s0x47165b4c122c3683:0x69918c107e0a927e!8m2!3d50.0448491!4d19.9673187&#8243; url_new_window=&#8221;on&#8221; _builder_version=&#8221;4.18.0&#8243; _module_preset=&#8221;default&#8221; max_width=&#8221;528px&#8221; custom_margin=&#8221;||30px||false|false&#8221; global_colors_info=&#8221;{}&#8221;][\/et_pb_image][\/et_pb_column][\/et_pb_row][\/et_pb_section]<\/p>\n","protected":false},"excerpt":{"rendered":"<p>NOVEMBER 2022MO 28NOVEMBER RODLAUER MDR SERVICESecurity with Talos Take a look under the hood with us. Experience how Cisco provides Incident Response Retainers (IRR) and their security solutions work for your organization. Cisco grants 10 CEOs and security experts from Austria&#8217;s top companies an exclusive insight into Cisco&#8217;s SOC in Krak\u00f3w. Experience the cybersecurity experts [&hellip;]<\/p>\n","protected":false},"author":1,"featured_media":0,"parent":0,"menu_order":0,"comment_status":"closed","ping_status":"closed","template":"","meta":{"_et_pb_use_builder":"on","_et_pb_old_content":"","_et_gb_content_width":"","footnotes":""},"class_list":["post-476","page","type-page","status-publish","hentry"],"_links":{"self":[{"href":"https:\/\/events.rodlauer.co.at\/en\/wp-json\/wp\/v2\/pages\/476","targetHints":{"allow":["GET"]}}],"collection":[{"href":"https:\/\/events.rodlauer.co.at\/en\/wp-json\/wp\/v2\/pages"}],"about":[{"href":"https:\/\/events.rodlauer.co.at\/en\/wp-json\/wp\/v2\/types\/page"}],"author":[{"embeddable":true,"href":"https:\/\/events.rodlauer.co.at\/en\/wp-json\/wp\/v2\/users\/1"}],"replies":[{"embeddable":true,"href":"https:\/\/events.rodlauer.co.at\/en\/wp-json\/wp\/v2\/comments?post=476"}],"version-history":[{"count":5,"href":"https:\/\/events.rodlauer.co.at\/en\/wp-json\/wp\/v2\/pages\/476\/revisions"}],"predecessor-version":[{"id":495,"href":"https:\/\/events.rodlauer.co.at\/en\/wp-json\/wp\/v2\/pages\/476\/revisions\/495"}],"wp:attachment":[{"href":"https:\/\/events.rodlauer.co.at\/en\/wp-json\/wp\/v2\/media?parent=476"}],"curies":[{"name":"wp","href":"https:\/\/api.w.org\/{rel}","templated":true}]}}